{"id":255,"date":"2023-02-08T10:42:11","date_gmt":"2023-02-08T10:42:11","guid":{"rendered":"https:firecoach.app\/?page_id=255"},"modified":"2023-10-18T11:13:40","modified_gmt":"2023-10-18T11:13:40","slug":"disclaimer","status":"publish","type":"page","link":"https:\/\/firecoach.app\/de\/disclaimer\/","title":{"rendered":"Disclaimer"},"content":{"rendered":"<div data-elementor-type=\"wp-page\" data-elementor-id=\"255\" class=\"elementor elementor-255\">\n\t\t\t\t\t\t\t\t\t<section class=\"elementor-section elementor-top-section elementor-element elementor-element-b05432e elementor-section-boxed elementor-section-height-default elementor-section-height-default\" data-id=\"b05432e\" data-element_type=\"section\">\n\t\t\t\t\t\t<div class=\"elementor-container elementor-column-gap-default\">\n\t\t\t\t\t<div class=\"elementor-column elementor-col-100 elementor-top-column elementor-element elementor-element-2cebc40e\" data-id=\"2cebc40e\" data-element_type=\"column\">\n\t\t\t<div class=\"elementor-widget-wrap elementor-element-populated\">\n\t\t\t\t\t\t\t\t<div class=\"elementor-element elementor-element-ca1a4f7 elementor-widget elementor-widget-text-editor\" data-id=\"ca1a4f7\" data-element_type=\"widget\" data-widget_type=\"text-editor.default\">\n\t\t\t\t<div class=\"elementor-widget-container\">\n\t\t\t<style>\/*! elementor - v3.13.3 - 28-05-2023 *\/\n.elementor-widget-text-editor.elementor-drop-cap-view-stacked .elementor-drop-cap{background-color:#69727d;color:#fff}.elementor-widget-text-editor.elementor-drop-cap-view-framed .elementor-drop-cap{color:#69727d;border:3px solid;background-color:transparent}.elementor-widget-text-editor:not(.elementor-drop-cap-view-default) .elementor-drop-cap{margin-top:8px}.elementor-widget-text-editor:not(.elementor-drop-cap-view-default) .elementor-drop-cap-letter{width:1em;height:1em}.elementor-widget-text-editor .elementor-drop-cap{float:left;text-align:center;line-height:1;font-size:50px}.elementor-widget-text-editor .elementor-drop-cap-letter{display:inline-block}<\/style>\t\t\t\t<!-- wp:heading {\"level\":4} -->\n<h4>Information<\/h4>\n<!-- \/wp:heading --><!-- wp:paragraph -->\n<p>HSA Firepacks achtet darauf, dass die auf der Website angezeigten Informationen sorgf\u00e4ltig zusammengestellt werden, kann jedoch keine Gew\u00e4hr f\u00fcr die Richtigkeit und Vollst\u00e4ndigkeit der Informationen \u00fcbernehmen. WB Firepacks nutzt diese Website ausschlie\u00dflich zur Bereitstellung von Informationen \u00fcber seine Produkte und Dienstleistungen. Etwaige \u00c4nderungen bed\u00fcrfen keiner vorherigen Ank\u00fcndigung.<\/p>\n<!-- \/wp:paragraph --><!-- wp:heading {\"level\":4} -->\n<h4>Haftung<\/h4>\n<!-- \/wp:heading --><!-- wp:paragraph -->\n<p>HSA Firepacks \u00fcbernimmt keine Haftung f\u00fcr etwaige Fehlfunktionen dieser Website. WB Firepacks \u00fcbernimmt keine Haftung f\u00fcr etwaige Ungenauigkeiten oder Unvollst\u00e4ndigkeiten der auf der WB Firepacks-Website enthaltenen Informationen. HSA Firepacks ist nicht verantwortlich f\u00fcr Viren oder andere Schadsoftware, die trotz Kontrollma\u00dfnahmen auf dieser Website vorhanden sein k\u00f6nnte, noch ist HSA Firepacks verantwortlich f\u00fcr den Inhalt oder die Nutzung anderer Websites, die mit dieser Website verlinkt sind.<\/p>\n<!-- \/wp:paragraph --><!-- wp:heading {\"level\":4} -->\n<h4>Datenschutz<\/h4>\n<!-- \/wp:heading --><!-- wp:paragraph -->\n<p>HSA Firepacks respects the privacy of all visitors of this website. The following section describes how HSA Firepacks collects and uses data.<\/p>\n<!-- \/wp:paragraph --><!-- wp:heading {\"level\":4} -->\n<h4>Pers\u00f6nliche Daten<\/h4>\n<!-- \/wp:heading --><!-- wp:paragraph -->\n<p>HSA Firepacks erhebt keine personenbezogenen Daten, die nicht auf freiwilliger Basis bereitgestellt werden. Durch das Absenden einer E-Mail erm\u00e4chtigen Besucher HSA Firepacks automatisch, ihre pers\u00f6nlichen Daten zu speichern und diese Daten f\u00fcr Marktstudien und statistische Zwecke zu verwenden. Dar\u00fcber hinaus geht HSA Firepacks davon aus, dass Besucher dem Erhalt von Informationen \u00fcber aktuelle Angebote von HSA Firepacks nicht widersprechen. HSA Firepacks garantiert seinen Besuchern, dass ihre pers\u00f6nlichen Daten mit gr\u00f6\u00dfter Sorgfalt und unter Beachtung der gesetzlichen Bestimmungen behandelt werden und diese Daten nicht an Dritte weitergeben.<\/p>\n<!-- \/wp:paragraph --><!-- wp:heading {\"level\":4} -->\n<h4>Automatisch erfasste nicht-personenbezogene Identit\u00e4tsinformationen<\/h4>\n<!-- \/wp:heading --><!-- wp:paragraph -->\n<p>In bestimmten F\u00e4llen erfasst HSA Firepacks Daten nicht personenbezogener Natur, wie z. B. die Art des von Besuchern verwendeten Browsers oder Computer-Betriebssystems, von Anbietern zugewiesene IP-Adressen usw. Diese Daten helfen uns, die Website besser auf die W\u00fcnsche der Besucher abzustimmen und Vorlieben.<\/p>\n<!-- \/wp:paragraph -->\t\t\t\t\t\t<\/div>\n\t\t\t\t<\/div>\n\t\t\t\t\t<\/div>\n\t\t<\/div>\n\t\t\t\t\t\t\t<\/div>\n\t\t<\/section>\n\t\t\t\t\t\t\t<\/div>","protected":false},"excerpt":{"rendered":"<p>Informatie De op deze website getoonde informatie wordt door WB Firepacks met zorg samengesteld, doch voor de juistheid en volledigheid daarvan kan niet worden ingestaan. WB Firepacks verstrekt door middel van deze website louter informatie over producten en diensten. Wijzigingen kunnen zonder voorafgaande mededeling worden aangebracht. Aansprakelijkheid WB Firepacks aanvaardt geen enkele aansprakelijkheid voor het [&hellip;]<\/p>","protected":false},"author":1,"featured_media":0,"parent":0,"menu_order":0,"comment_status":"closed","ping_status":"closed","template":"","meta":{"inline_featured_image":false,"footnotes":""},"class_list":["post-255","page","type-page","status-publish","hentry"],"yoast_head":"<!-- This site is optimized with the Yoast SEO plugin v26.0 - https:\/\/yoast.com\/wordpress\/plugins\/seo\/ -->\n<title>Disclaimer - Firecoach<\/title>\n<meta name=\"robots\" content=\"index, follow, max-snippet:-1, max-image-preview:large, max-video-preview:-1\" \/>\n<link rel=\"canonical\" href=\"https:\/\/firecoach.app\/de\/disclaimer\/\" \/>\n<meta property=\"og:locale\" content=\"de_DE\" \/>\n<meta property=\"og:type\" content=\"article\" \/>\n<meta property=\"og:title\" content=\"Disclaimer - Firecoach\" \/>\n<meta property=\"og:description\" content=\"Informatie De op deze website getoonde informatie wordt door WB Firepacks met zorg samengesteld, doch voor de juistheid en volledigheid daarvan kan niet worden ingestaan. WB Firepacks verstrekt door middel van deze website louter informatie over producten en diensten. Wijzigingen kunnen zonder voorafgaande mededeling worden aangebracht. Aansprakelijkheid WB Firepacks aanvaardt geen enkele aansprakelijkheid voor het [&hellip;]\" \/>\n<meta property=\"og:url\" content=\"https:\/\/firecoach.app\/de\/disclaimer\/\" \/>\n<meta property=\"og:site_name\" content=\"Firecoach\" \/>\n<meta property=\"article:publisher\" content=\"https:\/\/www.facebook.com\/WBFirepacks\/\" \/>\n<meta property=\"article:modified_time\" content=\"2023-10-18T11:13:40+00:00\" \/>\n<meta name=\"twitter:card\" content=\"summary_large_image\" \/>\n<meta name=\"twitter:label1\" content=\"Gesch\u00e4tzte Lesezeit\" \/>\n\t<meta name=\"twitter:data1\" content=\"2\u00a0Minuten\" \/>\n<script type=\"application\/ld+json\" class=\"yoast-schema-graph\">{\"@context\":\"https:\/\/schema.org\",\"@graph\":[{\"@type\":\"WebPage\",\"@id\":\"https:\/\/firecoach.app\/disclaimer\/\",\"url\":\"https:\/\/firecoach.app\/disclaimer\/\",\"name\":\"Disclaimer - Firecoach\",\"isPartOf\":{\"@id\":\"https:\/\/firecoach.app\/#website\"},\"datePublished\":\"2023-02-08T10:42:11+00:00\",\"dateModified\":\"2023-10-18T11:13:40+00:00\",\"breadcrumb\":{\"@id\":\"https:\/\/firecoach.app\/disclaimer\/#breadcrumb\"},\"inLanguage\":\"de\",\"potentialAction\":[{\"@type\":\"ReadAction\",\"target\":[\"https:\/\/firecoach.app\/disclaimer\/\"]}]},{\"@type\":\"BreadcrumbList\",\"@id\":\"https:\/\/firecoach.app\/disclaimer\/#breadcrumb\",\"itemListElement\":[{\"@type\":\"ListItem\",\"position\":1,\"name\":\"Home\",\"item\":\"https:\/\/firecoach.app\/\"},{\"@type\":\"ListItem\",\"position\":2,\"name\":\"Disclaimer\"}]},{\"@type\":\"WebSite\",\"@id\":\"https:\/\/firecoach.app\/#website\",\"url\":\"https:\/\/firecoach.app\/\",\"name\":\"Firecoach\",\"description\":\"\",\"publisher\":{\"@id\":\"https:\/\/firecoach.app\/#organization\"},\"potentialAction\":[{\"@type\":\"SearchAction\",\"target\":{\"@type\":\"EntryPoint\",\"urlTemplate\":\"https:\/\/firecoach.app\/?s={search_term_string}\"},\"query-input\":{\"@type\":\"PropertyValueSpecification\",\"valueRequired\":true,\"valueName\":\"search_term_string\"}}],\"inLanguage\":\"de\"},{\"@type\":\"Organization\",\"@id\":\"https:\/\/firecoach.app\/#organization\",\"name\":\"Firecoach\",\"url\":\"https:\/\/firecoach.app\/\",\"logo\":{\"@type\":\"ImageObject\",\"inLanguage\":\"de\",\"@id\":\"https:\/\/firecoach.app\/#\/schema\/logo\/image\/\",\"url\":\"https:\/\/firecoach.app\/wp-content\/uploads\/2023\/02\/wbfirepacks_logo.png\",\"contentUrl\":\"https:\/\/firecoach.app\/wp-content\/uploads\/2023\/02\/wbfirepacks_logo.png\",\"width\":400,\"height\":63,\"caption\":\"Firecoach\"},\"image\":{\"@id\":\"https:\/\/firecoach.app\/#\/schema\/logo\/image\/\"},\"sameAs\":[\"https:\/\/www.facebook.com\/WBFirepacks\/\",\"https:\/\/www.linkedin.com\/company\/5016149\",\"https:\/\/www.instagram.com\/wbfirepacks\/\"]}]}<\/script>\n<!-- \/ Yoast SEO plugin. -->","yoast_head_json":{"title":"Disclaimer - Firecoach","robots":{"index":"index","follow":"follow","max-snippet":"max-snippet:-1","max-image-preview":"max-image-preview:large","max-video-preview":"max-video-preview:-1"},"canonical":"https:\/\/firecoach.app\/de\/disclaimer\/","og_locale":"de_DE","og_type":"article","og_title":"Disclaimer - Firecoach","og_description":"Informatie De op deze website getoonde informatie wordt door WB Firepacks met zorg samengesteld, doch voor de juistheid en volledigheid daarvan kan niet worden ingestaan. WB Firepacks verstrekt door middel van deze website louter informatie over producten en diensten. Wijzigingen kunnen zonder voorafgaande mededeling worden aangebracht. Aansprakelijkheid WB Firepacks aanvaardt geen enkele aansprakelijkheid voor het [&hellip;]","og_url":"https:\/\/firecoach.app\/de\/disclaimer\/","og_site_name":"Firecoach","article_publisher":"https:\/\/www.facebook.com\/WBFirepacks\/","article_modified_time":"2023-10-18T11:13:40+00:00","twitter_card":"summary_large_image","twitter_misc":{"Gesch\u00e4tzte Lesezeit":"2\u00a0Minuten"},"schema":{"@context":"https:\/\/schema.org","@graph":[{"@type":"WebPage","@id":"https:\/\/firecoach.app\/disclaimer\/","url":"https:\/\/firecoach.app\/disclaimer\/","name":"Disclaimer - Firecoach","isPartOf":{"@id":"https:\/\/firecoach.app\/#website"},"datePublished":"2023-02-08T10:42:11+00:00","dateModified":"2023-10-18T11:13:40+00:00","breadcrumb":{"@id":"https:\/\/firecoach.app\/disclaimer\/#breadcrumb"},"inLanguage":"de","potentialAction":[{"@type":"ReadAction","target":["https:\/\/firecoach.app\/disclaimer\/"]}]},{"@type":"BreadcrumbList","@id":"https:\/\/firecoach.app\/disclaimer\/#breadcrumb","itemListElement":[{"@type":"ListItem","position":1,"name":"Home","item":"https:\/\/firecoach.app\/"},{"@type":"ListItem","position":2,"name":"Disclaimer"}]},{"@type":"WebSite","@id":"https:\/\/firecoach.app\/#website","url":"https:\/\/firecoach.app\/","name":"Firecoach","description":"","publisher":{"@id":"https:\/\/firecoach.app\/#organization"},"potentialAction":[{"@type":"SearchAction","target":{"@type":"EntryPoint","urlTemplate":"https:\/\/firecoach.app\/?s={search_term_string}"},"query-input":{"@type":"PropertyValueSpecification","valueRequired":true,"valueName":"search_term_string"}}],"inLanguage":"de"},{"@type":"Organization","@id":"https:\/\/firecoach.app\/#organization","name":"Firecoach","url":"https:\/\/firecoach.app\/","logo":{"@type":"ImageObject","inLanguage":"de","@id":"https:\/\/firecoach.app\/#\/schema\/logo\/image\/","url":"https:\/\/firecoach.app\/wp-content\/uploads\/2023\/02\/wbfirepacks_logo.png","contentUrl":"https:\/\/firecoach.app\/wp-content\/uploads\/2023\/02\/wbfirepacks_logo.png","width":400,"height":63,"caption":"Firecoach"},"image":{"@id":"https:\/\/firecoach.app\/#\/schema\/logo\/image\/"},"sameAs":["https:\/\/www.facebook.com\/WBFirepacks\/","https:\/\/www.linkedin.com\/company\/5016149","https:\/\/www.instagram.com\/wbfirepacks\/"]}]}},"_links":{"self":[{"href":"https:\/\/firecoach.app\/de\/wp-json\/wp\/v2\/pages\/255","targetHints":{"allow":["GET"]}}],"collection":[{"href":"https:\/\/firecoach.app\/de\/wp-json\/wp\/v2\/pages"}],"about":[{"href":"https:\/\/firecoach.app\/de\/wp-json\/wp\/v2\/types\/page"}],"author":[{"embeddable":true,"href":"https:\/\/firecoach.app\/de\/wp-json\/wp\/v2\/users\/1"}],"replies":[{"embeddable":true,"href":"https:\/\/firecoach.app\/de\/wp-json\/wp\/v2\/comments?post=255"}],"version-history":[{"count":12,"href":"https:\/\/firecoach.app\/de\/wp-json\/wp\/v2\/pages\/255\/revisions"}],"predecessor-version":[{"id":1099,"href":"https:\/\/firecoach.app\/de\/wp-json\/wp\/v2\/pages\/255\/revisions\/1099"}],"wp:attachment":[{"href":"https:\/\/firecoach.app\/de\/wp-json\/wp\/v2\/media?parent=255"}],"curies":[{"name":"wp","href":"https:\/\/api.w.org\/{rel}","templated":true}]}}