{"id":23,"date":"2023-02-06T13:11:28","date_gmt":"2023-02-06T13:11:28","guid":{"rendered":"https:firecoach.app\/?page_id=23"},"modified":"2023-10-17T08:03:37","modified_gmt":"2023-10-17T08:03:37","slug":"demo","status":"publish","type":"page","link":"http:\/\/firecoach.app\/de\/demo\/","title":{"rendered":"Demo"},"content":{"rendered":"<div data-elementor-type=\"wp-page\" data-elementor-id=\"23\" class=\"elementor elementor-23\">\n\t\t\t\t\t\t\t\t\t<section class=\"elementor-section elementor-top-section elementor-element elementor-element-9fde308 elementor-section-boxed elementor-section-height-default elementor-section-height-default\" data-id=\"9fde308\" data-element_type=\"section\" data-settings=\"{&quot;background_background&quot;:&quot;classic&quot;}\">\n\t\t\t\t\t\t\t<div class=\"elementor-background-overlay\"><\/div>\n\t\t\t\t\t\t\t<div class=\"elementor-container elementor-column-gap-default\">\n\t\t\t\t\t<div class=\"elementor-column elementor-col-50 elementor-top-column elementor-element elementor-element-6f3f0ff\" data-id=\"6f3f0ff\" data-element_type=\"column\">\n\t\t\t<div class=\"elementor-widget-wrap elementor-element-populated\">\n\t\t\t\t\t\t\t\t<div class=\"elementor-element elementor-element-8f3baaf elementor-widget elementor-widget-heading\" data-id=\"8f3baaf\" data-element_type=\"widget\" data-widget_type=\"heading.default\">\n\t\t\t\t<div class=\"elementor-widget-container\">\n\t\t\t<style>\/*! elementor - v3.13.3 - 28-05-2023 *\/\n.elementor-heading-title{padding:0;margin:0;line-height:1}.elementor-widget-heading .elementor-heading-title[class*=elementor-size-]>a{color:inherit;font-size:inherit;line-height:inherit}.elementor-widget-heading .elementor-heading-title.elementor-size-small{font-size:15px}.elementor-widget-heading .elementor-heading-title.elementor-size-medium{font-size:19px}.elementor-widget-heading .elementor-heading-title.elementor-size-large{font-size:29px}.elementor-widget-heading .elementor-heading-title.elementor-size-xl{font-size:39px}.elementor-widget-heading .elementor-heading-title.elementor-size-xxl{font-size:59px}<\/style><h1 class=\"elementor-heading-title elementor-size-default\">M\u00f6chten Sie unsere<br>\nDemo sehen?<\/h1>\t\t<\/div>\n\t\t\t\t<\/div>\n\t\t\t\t\t<\/div>\n\t\t<\/div>\n\t\t\t\t<div class=\"elementor-column elementor-col-50 elementor-top-column elementor-element elementor-element-717f772 elementor-hidden-tablet elementor-hidden-mobile\" data-id=\"717f772\" data-element_type=\"column\">\n\t\t\t<div class=\"elementor-widget-wrap\">\n\t\t\t\t\t\t\t\t\t<\/div>\n\t\t<\/div>\n\t\t\t\t\t\t\t<\/div>\n\t\t<\/section>\n\t\t\t\t<section class=\"elementor-section elementor-top-section elementor-element elementor-element-5530439 elementor-section-boxed elementor-section-height-default elementor-section-height-default\" data-id=\"5530439\" data-element_type=\"section\">\n\t\t\t\t\t\t<div class=\"elementor-container elementor-column-gap-default\">\n\t\t\t\t\t<div class=\"elementor-column elementor-col-100 elementor-top-column elementor-element elementor-element-fc67a6b\" data-id=\"fc67a6b\" data-element_type=\"column\">\n\t\t\t<div class=\"elementor-widget-wrap elementor-element-populated\">\n\t\t\t\t\t\t\t\t<div class=\"elementor-element elementor-element-99036a6 elementor-widget elementor-widget-text-editor\" data-id=\"99036a6\" data-element_type=\"widget\" data-widget_type=\"text-editor.default\">\n\t\t\t\t<div class=\"elementor-widget-container\">\n\t\t\t<style>\/*! elementor - v3.13.3 - 28-05-2023 *\/\n.elementor-widget-text-editor.elementor-drop-cap-view-stacked .elementor-drop-cap{background-color:#69727d;color:#fff}.elementor-widget-text-editor.elementor-drop-cap-view-framed .elementor-drop-cap{color:#69727d;border:3px solid;background-color:transparent}.elementor-widget-text-editor:not(.elementor-drop-cap-view-default) .elementor-drop-cap{margin-top:8px}.elementor-widget-text-editor:not(.elementor-drop-cap-view-default) .elementor-drop-cap-letter{width:1em;height:1em}.elementor-widget-text-editor .elementor-drop-cap{float:left;text-align:center;line-height:1;font-size:50px}.elementor-widget-text-editor .elementor-drop-cap-letter{display:inline-block}<\/style>\t\t\t\t<div>M\u00f6chten Sie selbst erleben, was volle Kontrolle \u00fcber eine Sprinkleranlage bedeutet? Mit der Demo k\u00f6nnen Sie die umfassenden Funktionen ausprobieren. Verschiedene Demo-Anlagen stehen zur Auswahl, deren aktueller Status abrufbar sind. Dar\u00fcber hinaus kann die integrierte Einrichtung f\u00fcr den Fernstart eines Aggregates gefahrlos getestet werden. Lehnen Sie sich zur\u00fcck und genie\u00dfen Sie die Firecoach-Demo.<\/div><div>\u00a0<\/div><div><em>Sehen Sie sich die (englischsprachige) Animation hier an, bevor Sie die Demo starten.<\/em><\/div>\t\t\t\t\t\t<\/div>\n\t\t\t\t<\/div>\n\t\t\t\t\t<\/div>\n\t\t<\/div>\n\t\t\t\t\t\t\t<\/div>\n\t\t<\/section>\n\t\t\t\t<section class=\"elementor-section elementor-top-section elementor-element elementor-element-07e0ec2 elementor-section-content-middle elementor-section-stretched elementor-section-boxed elementor-section-height-default elementor-section-height-default\" data-id=\"07e0ec2\" data-element_type=\"section\" data-settings=\"{&quot;background_background&quot;:&quot;classic&quot;,&quot;stretch_section&quot;:&quot;section-stretched&quot;}\">\n\t\t\t\t\t\t\t<div class=\"elementor-background-overlay\"><\/div>\n\t\t\t\t\t\t\t<div class=\"elementor-container elementor-column-gap-wide\">\n\t\t\t\t\t<div class=\"elementor-column elementor-col-50 elementor-top-column elementor-element elementor-element-2780baa\" data-id=\"2780baa\" data-element_type=\"column\">\n\t\t\t<div class=\"elementor-widget-wrap elementor-element-populated\">\n\t\t\t\t\t\t\t\t<div class=\"elementor-element elementor-element-74c441f elementor-widget elementor-widget-text-editor\" data-id=\"74c441f\" data-element_type=\"widget\" data-widget_type=\"text-editor.default\">\n\t\t\t\t<div class=\"elementor-widget-container\">\n\t\t\t\t\t\t\t<h3>Erst einmal aufw\u00e4rmen<\/h3><p>Wir gehen in der Demo davon aus, dass:<\/p>\t\t\t\t\t\t<\/div>\n\t\t\t\t<\/div>\n\t\t\t\t<div class=\"elementor-element elementor-element-b3763be elementor-icon-list--layout-traditional elementor-list-item-link-full_width elementor-widget elementor-widget-icon-list\" data-id=\"b3763be\" data-element_type=\"widget\" data-widget_type=\"icon-list.default\">\n\t\t\t\t<div class=\"elementor-widget-container\">\n\t\t\t<link rel=\"stylesheet\" href=\"https:\/\/firecoach.app\/wp-content\/plugins\/elementor\/assets\/css\/widget-icon-list.min.css\">\t\t<ul class=\"elementor-icon-list-items\">\n\t\t\t\t\t\t\t<li class=\"elementor-icon-list-item\">\n\t\t\t\t\t\t\t\t\t\t\t<span class=\"elementor-icon-list-icon\">\n\t\t\t\t\t\t\t<svg aria-hidden=\"true\" class=\"e-font-icon-svg e-fas-check\" viewbox=\"0 0 512 512\" xmlns=\"http:\/\/www.w3.org\/2000\/svg\"><path d=\"M173.898 439.404l-166.4-166.4c-9.997-9.997-9.997-26.206 0-36.204l36.203-36.204c9.997-9.998 26.207-9.998 36.204 0L192 312.69 432.095 72.596c9.997-9.997 26.207-9.997 36.204 0l36.203 36.204c9.997 9.997 9.997 26.206 0 36.204l-294.4 294.401c-9.998 9.997-26.207 9.997-36.204-.001z\"><\/path><\/svg>\t\t\t\t\t\t<\/span>\n\t\t\t\t\t\t\t\t\t\t<span class=\"elementor-icon-list-text\">Ihr Firecoach-Modul mit Ihrer Sprinkleranlage verbunden ist<\/span>\n\t\t\t\t\t\t\t\t\t<\/li>\n\t\t\t\t\t\t\t\t<li class=\"elementor-icon-list-item\">\n\t\t\t\t\t\t\t\t\t\t\t<span class=\"elementor-icon-list-icon\">\n\t\t\t\t\t\t\t<svg aria-hidden=\"true\" class=\"e-font-icon-svg e-fas-check\" viewbox=\"0 0 512 512\" xmlns=\"http:\/\/www.w3.org\/2000\/svg\"><path d=\"M173.898 439.404l-166.4-166.4c-9.997-9.997-9.997-26.206 0-36.204l36.203-36.204c9.997-9.998 26.207-9.998 36.204 0L192 312.69 432.095 72.596c9.997-9.997 26.207-9.997 36.204 0l36.203 36.204c9.997 9.997 9.997 26.206 0 36.204l-294.4 294.401c-9.998 9.997-26.207 9.997-36.204-.001z\"><\/path><\/svg>\t\t\t\t\t\t<\/span>\n\t\t\t\t\t\t\t\t\t\t<span class=\"elementor-icon-list-text\">Sie registriert sind und somit ein Konto besitzen<\/span>\n\t\t\t\t\t\t\t\t\t<\/li>\n\t\t\t\t\t\t\t\t<li class=\"elementor-icon-list-item\">\n\t\t\t\t\t\t\t\t\t\t\t<span class=\"elementor-icon-list-icon\">\n\t\t\t\t\t\t\t<svg aria-hidden=\"true\" class=\"e-font-icon-svg e-fas-check\" viewbox=\"0 0 512 512\" xmlns=\"http:\/\/www.w3.org\/2000\/svg\"><path d=\"M173.898 439.404l-166.4-166.4c-9.997-9.997-9.997-26.206 0-36.204l36.203-36.204c9.997-9.998 26.207-9.998 36.204 0L192 312.69 432.095 72.596c9.997-9.997 26.207-9.997 36.204 0l36.203 36.204c9.997 9.997 9.997 26.206 0 36.204l-294.4 294.401c-9.998 9.997-26.207 9.997-36.204-.001z\"><\/path><\/svg>\t\t\t\t\t\t<\/span>\n\t\t\t\t\t\t\t\t\t\t<span class=\"elementor-icon-list-text\">Sie mit Ihrem Konto Zugriff auf das Firecoach-Modul haben.<\/span>\n\t\t\t\t\t\t\t\t\t<\/li>\n\t\t\t\t\t\t<\/ul>\n\t\t\t\t<\/div>\n\t\t\t\t<\/div>\n\t\t\t\t<div class=\"elementor-element elementor-element-c118a91 elementor-widget__width-auto elementor-widget elementor-widget-button\" data-id=\"c118a91\" data-element_type=\"widget\" data-widget_type=\"button.default\">\n\t\t\t\t<div class=\"elementor-widget-container\">\n\t\t\t\t\t<div class=\"elementor-button-wrapper\">\n\t\t\t<a href=\"#\" class=\"elementor-button-link elementor-button elementor-size-md elementor-animation-grow\" role=\"button\">\n\t\t\t\t\t\t<span class=\"elementor-button-content-wrapper\">\n\t\t\t\t\t\t\t<span class=\"elementor-button-icon elementor-align-icon-right\">\n\t\t\t\t<svg aria-hidden=\"true\" class=\"e-font-icon-svg e-fas-angle-right\" viewbox=\"0 0 256 512\" xmlns=\"http:\/\/www.w3.org\/2000\/svg\"><path d=\"M224.3 273l-136 136c-9.4 9.4-24.6 9.4-33.9 0l-22.6-22.6c-9.4-9.4-9.4-24.6 0-33.9l96.4-96.4-96.4-96.4c-9.4-9.4-9.4-24.6 0-33.9L54.3 103c9.4-9.4 24.6-9.4 33.9 0l136 136c9.5 9.4 9.5 24.6.1 34z\"><\/path><\/svg>\t\t\t<\/span>\n\t\t\t\t\t\t<span class=\"elementor-button-text\">Ich m\u00f6chte weitere technische Details<\/span>\n\t\t<\/span>\n\t\t\t\t\t<\/a>\n\t\t<\/div>\n\t\t\t\t<\/div>\n\t\t\t\t<\/div>\n\t\t\t\t\t<\/div>\n\t\t<\/div>\n\t\t\t\t<div class=\"elementor-column elementor-col-50 elementor-top-column elementor-element elementor-element-d9dcb2e\" data-id=\"d9dcb2e\" data-element_type=\"column\">\n\t\t\t<div class=\"elementor-widget-wrap elementor-element-populated\">\n\t\t\t\t\t\t\t\t<div class=\"elementor-element elementor-element-ab60e4e elementor-widget elementor-widget-video\" data-id=\"ab60e4e\" data-element_type=\"widget\" data-settings=\"{&quot;youtube_url&quot;:&quot;https:\\\/\\\/www.youtube.com\\\/watch?v=JuL3C9TYzNw&quot;,&quot;lazy_load&quot;:&quot;yes&quot;,&quot;video_type&quot;:&quot;youtube&quot;,&quot;controls&quot;:&quot;yes&quot;}\" data-widget_type=\"video.default\">\n\t\t\t\t<div class=\"elementor-widget-container\">\n\t\t\t<style>\/*! elementor - v3.13.3 - 28-05-2023 *\/\n.elementor-widget-video .elementor-widget-container{overflow:hidden;transform:translateZ(0)}.elementor-widget-video .elementor-wrapper{aspect-ratio:var(--video-aspect-ratio)}.elementor-widget-video .elementor-wrapper iframe,.elementor-widget-video .elementor-wrapper video{height:100%;width:100%;display:flex;border:none;background-color:#000}@supports not (aspect-ratio:1\/1){.elementor-widget-video .elementor-wrapper{position:relative;overflow:hidden;height:0;padding-bottom:calc(100% \/ var(--video-aspect-ratio))}.elementor-widget-video .elementor-wrapper iframe,.elementor-widget-video .elementor-wrapper video{position:absolute;top:0;right:0;bottom:0;left:0}}.elementor-widget-video .elementor-open-inline .elementor-custom-embed-image-overlay{position:absolute;top:0;left:0;width:100%;height:100%;background-size:cover;background-position:50%}.elementor-widget-video .elementor-custom-embed-image-overlay{cursor:pointer;text-align:center}.elementor-widget-video .elementor-custom-embed-image-overlay:hover .elementor-custom-embed-play i{opacity:1}.elementor-widget-video .elementor-custom-embed-image-overlay img{display:block;width:100%}.elementor-widget-video .e-hosted-video .elementor-video{-o-object-fit:cover;object-fit:cover}.e-con-inner>.elementor-widget-video,.e-con>.elementor-widget-video{width:var(--container-widget-width);--flex-grow:var(--container-widget-flex-grow)}<\/style>\t\t<div class=\"elementor-wrapper elementor-open-inline\">\n\t\t\t<div class=\"elementor-video\"><\/div>\t\t<\/div>\n\t\t\t\t<\/div>\n\t\t\t\t<\/div>\n\t\t\t\t\t<\/div>\n\t\t<\/div>\n\t\t\t\t\t\t\t<\/div>\n\t\t<\/section>\n\t\t\t\t<section class=\"elementor-section elementor-top-section elementor-element elementor-element-cb1f8ac elementor-section-content-middle elementor-reverse-tablet elementor-reverse-mobile elementor-section-boxed elementor-section-height-default elementor-section-height-default\" data-id=\"cb1f8ac\" data-element_type=\"section\">\n\t\t\t\t\t\t<div class=\"elementor-container elementor-column-gap-default\">\n\t\t\t\t\t<div class=\"elementor-column elementor-col-100 elementor-top-column elementor-element elementor-element-77dd268\" data-id=\"77dd268\" data-element_type=\"column\">\n\t\t\t<div class=\"elementor-widget-wrap elementor-element-populated\">\n\t\t\t\t\t\t\t\t<div class=\"elementor-element elementor-element-0cc1633 elementor-widget elementor-widget-text-editor\" data-id=\"0cc1633\" data-element_type=\"widget\" data-widget_type=\"text-editor.default\">\n\t\t\t\t<div class=\"elementor-widget-container\">\n\t\t\t\t\t\t\t<h3>Was ist der n\u00e4chste Schritt?<\/h3><p>Anmelden und dann den Status Ihrer Demo-Sprinkleranlagen anzeigen lassen!<\/p><p class=\"translation-block\">Hinterlassen Sie unten Ihre E-Mail-Adresse, um loszulegen. Sie erhalten dann eine E-Mail mit einem Link zur Demo-Umgebung. Sie werden automatisch angemeldet, sobald Sie auf den Link klicken, da dies nur eine Demo ist. Sehen Sie sich in unserer \u00dcbersicht um und entdecken Sie die Funktionen, die Firecoach zu bieten hat.<\/p>\t\t\t\t\t\t<\/div>\n\t\t\t\t<\/div>\n\t\t\t\t<div class=\"elementor-element elementor-element-fbd1fa1 elementor-widget elementor-widget-wpforms\" data-id=\"fbd1fa1\" data-element_type=\"widget\" data-no-translation=\"\" data-widget_type=\"wpforms.default\">\n\t\t\t\t<div class=\"elementor-widget-container\">\n\t\t\t<style>.elementor-element-fbd1fa1{display:none !important}<\/style>\t\t<\/div>\n\t\t\t\t<\/div>\n\t\t\t\t<div class=\"elementor-element elementor-element-f2b3c27 elementor-widget elementor-widget-wpforms\" data-id=\"f2b3c27\" data-element_type=\"widget\" data-no-translation=\"\" data-widget_type=\"wpforms.default\">\n\t\t\t\t<div class=\"elementor-widget-container\">\n\t\t\t<style>.elementor-element-f2b3c27{display:none !important}<\/style>\t\t<\/div>\n\t\t\t\t<\/div>\n\t\t\t\t<div class=\"elementor-element elementor-element-e002256 elementor-widget elementor-widget-wpforms\" data-id=\"e002256\" data-element_type=\"widget\" data-no-translation=\"\" data-widget_type=\"wpforms.default\">\n\t\t\t\t<div class=\"elementor-widget-container\">\n\t\t\t<div class=\"wpforms-container wpforms-container-full\" id=\"wpforms-1045\"><form id=\"wpforms-form-1045\" class=\"wpforms-validate wpforms-form wpforms-ajax-form\" data-formid=\"1045\" method=\"post\" enctype=\"multipart\/form-data\" action=\"\/de\/wp-json\/wp\/v2\/pages\/23\" data-token=\"69a2299530d02dc53b2bbcfed695c472\" data-token-time=\"1778914914\" data-trp-original-action=\"\/de\/wp-json\/wp\/v2\/pages\/23\"><noscript class=\"wpforms-error-noscript\">Bitte aktiviere JavaScript in deinem Browser, um dieses Formular fertigzustellen.<\/noscript><div class=\"wpforms-field-container\"><div id=\"wpforms-1045-field_1-container\" class=\"wpforms-field wpforms-field-email wpforms-one-half wpforms-first\" data-field-id=\"1\"><label class=\"wpforms-field-label wpforms-label-hide\" for=\"wpforms-1045-field_1\">Email address <span class=\"wpforms-required-label\">*<\/span><\/label><input type=\"email\" id=\"wpforms-1045-field_1\" class=\"wpforms-field-large wpforms-field-required\" name=\"wpforms[fields][1]\" placeholder=\"Emailadresse:\" spellcheck=\"false\" required><\/div><\/div><!-- .wpforms-field-container --><div class=\"wpforms-recaptcha-container wpforms-is-recaptcha wpforms-is-recaptcha-type-v3\" ><input type=\"hidden\" name=\"wpforms[recaptcha]\" value=\"\"><\/div><div class=\"wpforms-submit-container\" ><input type=\"hidden\" name=\"wpforms[id]\" value=\"1045\"><input type=\"hidden\" name=\"page_title\" value=\"\"><input type=\"hidden\" name=\"page_url\" value=\"http:\/\/firecoach.app\/de\/wp-json\/wp\/v2\/pages\/23\"><input type=\"hidden\" name=\"url_referer\" value=\"\"><button type=\"submit\" name=\"wpforms[submit]\" id=\"wpforms-submit-1045\" class=\"wpforms-submit\" data-alt-text=\"Senden...\" data-submit-text=\"Senden\" aria-live=\"assertive\" value=\"wpforms-submit\">Senden<\/button><img loading=\"lazy\" decoding=\"async\" src=\"http:\/\/firecoach.app\/wp-content\/plugins\/wpforms\/assets\/images\/submit-spin.svg\" class=\"wpforms-submit-spinner\" style=\"display: none;\" width=\"26\" height=\"26\" alt=\"Wird geladen\"><\/div><input type=\"hidden\" name=\"trp-form-language\" value=\"de\"\/><\/form><\/div>  <!-- .wpforms-container -->\t\t<\/div>\n\t\t\t\t<\/div>\n\t\t\t\t\t<\/div>\n\t\t<\/div>\n\t\t\t\t\t\t\t<\/div>\n\t\t<\/section>\n\t\t\t\t\t\t\t<\/div>","protected":false},"excerpt":{"rendered":"<p>Ready to see our demo? Zelf ervaren wat volledige controle betekent? De demo maakt het mogelijk om de verschillende functies te ervaren. Je kunt door de verschillende installaties klikken om in te zoomen op de prestaties van deze specifieke Firepack. Maar ook het bedieningspaneel is beschikbaar. Leun achterover en geniet van de Firecoach-demo.\u00a0Bekijk hier eerst [&hellip;]<\/p>","protected":false},"author":1,"featured_media":683,"parent":0,"menu_order":0,"comment_status":"closed","ping_status":"closed","template":"elementor_header_footer","meta":{"inline_featured_image":false,"footnotes":""},"class_list":["post-23","page","type-page","status-publish","has-post-thumbnail","hentry"],"yoast_head":"<!-- This site is optimized with the Yoast SEO plugin v26.0 - https:\/\/yoast.com\/wordpress\/plugins\/seo\/ -->\n<title>Demo - Firecoach<\/title>\n<meta name=\"description\" content=\"Wil jij zelf ervaren hoe gemakkelijk jij al jouw sprinklerinstallaties kan beheren? Ervaar de voordelen van Firecoach met deze demo!\" \/>\n<meta name=\"robots\" content=\"index, follow, max-snippet:-1, max-image-preview:large, max-video-preview:-1\" \/>\n<link rel=\"canonical\" href=\"https:\/\/firecoach.app\/de\/demo\/\" \/>\n<meta property=\"og:locale\" content=\"de_DE\" \/>\n<meta property=\"og:type\" content=\"article\" \/>\n<meta property=\"og:title\" content=\"Demo - Firecoach\" \/>\n<meta property=\"og:description\" content=\"Wil jij zelf ervaren hoe gemakkelijk jij al jouw sprinklerinstallaties kan beheren? Ervaar de voordelen van Firecoach met deze demo!\" \/>\n<meta property=\"og:url\" content=\"https:\/\/firecoach.app\/de\/demo\/\" \/>\n<meta property=\"og:site_name\" content=\"Firecoach\" \/>\n<meta property=\"article:publisher\" content=\"https:\/\/www.facebook.com\/WBFirepacks\/\" \/>\n<meta property=\"article:modified_time\" content=\"2023-10-17T08:03:37+00:00\" \/>\n<meta property=\"og:image\" content=\"https:\/\/firecoach.app\/wp-content\/uploads\/2023\/05\/Demo-Firecoach.jpg\" \/>\n\t<meta property=\"og:image:width\" content=\"1900\" \/>\n\t<meta property=\"og:image:height\" content=\"567\" \/>\n\t<meta property=\"og:image:type\" content=\"image\/jpeg\" \/>\n<meta name=\"twitter:card\" content=\"summary_large_image\" \/>\n<meta name=\"twitter:label1\" content=\"Gesch\u00e4tzte Lesezeit\" \/>\n\t<meta name=\"twitter:data1\" content=\"2\u00a0Minuten\" \/>\n<script type=\"application\/ld+json\" class=\"yoast-schema-graph\">{\"@context\":\"https:\/\/schema.org\",\"@graph\":[{\"@type\":\"WebPage\",\"@id\":\"https:\/\/firecoach.app\/demo\/\",\"url\":\"https:\/\/firecoach.app\/demo\/\",\"name\":\"Demo - Firecoach\",\"isPartOf\":{\"@id\":\"https:\/\/firecoach.app\/#website\"},\"primaryImageOfPage\":{\"@id\":\"https:\/\/firecoach.app\/demo\/#primaryimage\"},\"image\":{\"@id\":\"https:\/\/firecoach.app\/demo\/#primaryimage\"},\"thumbnailUrl\":\"https:\/\/firecoach.app\/wp-content\/uploads\/2023\/05\/Demo-Firecoach.jpg\",\"datePublished\":\"2023-02-06T13:11:28+00:00\",\"dateModified\":\"2023-10-17T08:03:37+00:00\",\"description\":\"Wil jij zelf ervaren hoe gemakkelijk jij al jouw sprinklerinstallaties kan beheren? Ervaar de voordelen van Firecoach met deze demo!\",\"breadcrumb\":{\"@id\":\"https:\/\/firecoach.app\/demo\/#breadcrumb\"},\"inLanguage\":\"de\",\"potentialAction\":[{\"@type\":\"ReadAction\",\"target\":[\"https:\/\/firecoach.app\/demo\/\"]}]},{\"@type\":\"ImageObject\",\"inLanguage\":\"de\",\"@id\":\"https:\/\/firecoach.app\/demo\/#primaryimage\",\"url\":\"https:\/\/firecoach.app\/wp-content\/uploads\/2023\/05\/Demo-Firecoach.jpg\",\"contentUrl\":\"https:\/\/firecoach.app\/wp-content\/uploads\/2023\/05\/Demo-Firecoach.jpg\",\"width\":1900,\"height\":567},{\"@type\":\"BreadcrumbList\",\"@id\":\"https:\/\/firecoach.app\/demo\/#breadcrumb\",\"itemListElement\":[{\"@type\":\"ListItem\",\"position\":1,\"name\":\"Home\",\"item\":\"https:\/\/firecoach.app\/\"},{\"@type\":\"ListItem\",\"position\":2,\"name\":\"Demo\"}]},{\"@type\":\"WebSite\",\"@id\":\"https:\/\/firecoach.app\/#website\",\"url\":\"https:\/\/firecoach.app\/\",\"name\":\"Firecoach\",\"description\":\"\",\"publisher\":{\"@id\":\"https:\/\/firecoach.app\/#organization\"},\"potentialAction\":[{\"@type\":\"SearchAction\",\"target\":{\"@type\":\"EntryPoint\",\"urlTemplate\":\"https:\/\/firecoach.app\/?s={search_term_string}\"},\"query-input\":{\"@type\":\"PropertyValueSpecification\",\"valueRequired\":true,\"valueName\":\"search_term_string\"}}],\"inLanguage\":\"de\"},{\"@type\":\"Organization\",\"@id\":\"https:\/\/firecoach.app\/#organization\",\"name\":\"Firecoach\",\"url\":\"https:\/\/firecoach.app\/\",\"logo\":{\"@type\":\"ImageObject\",\"inLanguage\":\"de\",\"@id\":\"https:\/\/firecoach.app\/#\/schema\/logo\/image\/\",\"url\":\"https:\/\/firecoach.app\/wp-content\/uploads\/2023\/02\/wbfirepacks_logo.png\",\"contentUrl\":\"https:\/\/firecoach.app\/wp-content\/uploads\/2023\/02\/wbfirepacks_logo.png\",\"width\":400,\"height\":63,\"caption\":\"Firecoach\"},\"image\":{\"@id\":\"https:\/\/firecoach.app\/#\/schema\/logo\/image\/\"},\"sameAs\":[\"https:\/\/www.facebook.com\/WBFirepacks\/\",\"https:\/\/www.linkedin.com\/company\/5016149\",\"https:\/\/www.instagram.com\/wbfirepacks\/\"]}]}<\/script>\n<!-- \/ Yoast SEO plugin. -->","yoast_head_json":{"title":"Demo - Firecoach","description":"Wil jij zelf ervaren hoe gemakkelijk jij al jouw sprinklerinstallaties kan beheren? Ervaar de voordelen van Firecoach met deze demo!","robots":{"index":"index","follow":"follow","max-snippet":"max-snippet:-1","max-image-preview":"max-image-preview:large","max-video-preview":"max-video-preview:-1"},"canonical":"https:\/\/firecoach.app\/de\/demo\/","og_locale":"de_DE","og_type":"article","og_title":"Demo - Firecoach","og_description":"Wil jij zelf ervaren hoe gemakkelijk jij al jouw sprinklerinstallaties kan beheren? Ervaar de voordelen van Firecoach met deze demo!","og_url":"https:\/\/firecoach.app\/de\/demo\/","og_site_name":"Firecoach","article_publisher":"https:\/\/www.facebook.com\/WBFirepacks\/","article_modified_time":"2023-10-17T08:03:37+00:00","og_image":[{"width":1900,"height":567,"url":"https:\/\/firecoach.app\/wp-content\/uploads\/2023\/05\/Demo-Firecoach.jpg","type":"image\/jpeg"}],"twitter_card":"summary_large_image","twitter_misc":{"Gesch\u00e4tzte Lesezeit":"2\u00a0Minuten"},"schema":{"@context":"https:\/\/schema.org","@graph":[{"@type":"WebPage","@id":"https:\/\/firecoach.app\/demo\/","url":"https:\/\/firecoach.app\/demo\/","name":"Demo - Firecoach","isPartOf":{"@id":"https:\/\/firecoach.app\/#website"},"primaryImageOfPage":{"@id":"https:\/\/firecoach.app\/demo\/#primaryimage"},"image":{"@id":"https:\/\/firecoach.app\/demo\/#primaryimage"},"thumbnailUrl":"https:\/\/firecoach.app\/wp-content\/uploads\/2023\/05\/Demo-Firecoach.jpg","datePublished":"2023-02-06T13:11:28+00:00","dateModified":"2023-10-17T08:03:37+00:00","description":"Wil jij zelf ervaren hoe gemakkelijk jij al jouw sprinklerinstallaties kan beheren? Ervaar de voordelen van Firecoach met deze demo!","breadcrumb":{"@id":"https:\/\/firecoach.app\/demo\/#breadcrumb"},"inLanguage":"de","potentialAction":[{"@type":"ReadAction","target":["https:\/\/firecoach.app\/demo\/"]}]},{"@type":"ImageObject","inLanguage":"de","@id":"https:\/\/firecoach.app\/demo\/#primaryimage","url":"https:\/\/firecoach.app\/wp-content\/uploads\/2023\/05\/Demo-Firecoach.jpg","contentUrl":"https:\/\/firecoach.app\/wp-content\/uploads\/2023\/05\/Demo-Firecoach.jpg","width":1900,"height":567},{"@type":"BreadcrumbList","@id":"https:\/\/firecoach.app\/demo\/#breadcrumb","itemListElement":[{"@type":"ListItem","position":1,"name":"Home","item":"https:\/\/firecoach.app\/"},{"@type":"ListItem","position":2,"name":"Demo"}]},{"@type":"WebSite","@id":"https:\/\/firecoach.app\/#website","url":"https:\/\/firecoach.app\/","name":"Firecoach","description":"","publisher":{"@id":"https:\/\/firecoach.app\/#organization"},"potentialAction":[{"@type":"SearchAction","target":{"@type":"EntryPoint","urlTemplate":"https:\/\/firecoach.app\/?s={search_term_string}"},"query-input":{"@type":"PropertyValueSpecification","valueRequired":true,"valueName":"search_term_string"}}],"inLanguage":"de"},{"@type":"Organization","@id":"https:\/\/firecoach.app\/#organization","name":"Firecoach","url":"https:\/\/firecoach.app\/","logo":{"@type":"ImageObject","inLanguage":"de","@id":"https:\/\/firecoach.app\/#\/schema\/logo\/image\/","url":"https:\/\/firecoach.app\/wp-content\/uploads\/2023\/02\/wbfirepacks_logo.png","contentUrl":"https:\/\/firecoach.app\/wp-content\/uploads\/2023\/02\/wbfirepacks_logo.png","width":400,"height":63,"caption":"Firecoach"},"image":{"@id":"https:\/\/firecoach.app\/#\/schema\/logo\/image\/"},"sameAs":["https:\/\/www.facebook.com\/WBFirepacks\/","https:\/\/www.linkedin.com\/company\/5016149","https:\/\/www.instagram.com\/wbfirepacks\/"]}]}},"_links":{"self":[{"href":"http:\/\/firecoach.app\/de\/wp-json\/wp\/v2\/pages\/23","targetHints":{"allow":["GET"]}}],"collection":[{"href":"http:\/\/firecoach.app\/de\/wp-json\/wp\/v2\/pages"}],"about":[{"href":"http:\/\/firecoach.app\/de\/wp-json\/wp\/v2\/types\/page"}],"author":[{"embeddable":true,"href":"http:\/\/firecoach.app\/de\/wp-json\/wp\/v2\/users\/1"}],"replies":[{"embeddable":true,"href":"http:\/\/firecoach.app\/de\/wp-json\/wp\/v2\/comments?post=23"}],"version-history":[{"count":89,"href":"http:\/\/firecoach.app\/de\/wp-json\/wp\/v2\/pages\/23\/revisions"}],"predecessor-version":[{"id":1056,"href":"http:\/\/firecoach.app\/de\/wp-json\/wp\/v2\/pages\/23\/revisions\/1056"}],"wp:featuredmedia":[{"embeddable":true,"href":"http:\/\/firecoach.app\/de\/wp-json\/wp\/v2\/media\/683"}],"wp:attachment":[{"href":"http:\/\/firecoach.app\/de\/wp-json\/wp\/v2\/media?parent=23"}],"curies":[{"name":"wp","href":"https:\/\/api.w.org\/{rel}","templated":true}]}}